{"id":116,"date":"2016-01-25T20:39:18","date_gmt":"2016-01-25T20:39:18","guid":{"rendered":"http:\/\/kstango:8888\/?page_id=116"},"modified":"2021-12-04T17:09:49","modified_gmt":"2021-12-04T17:09:49","slug":"kurse","status":"publish","type":"page","link":"https:\/\/www.ks-tango.com\/?page_id=116","title":{"rendered":"Kurse"},"content":{"rendered":"<p>Pause bis zum 28.02.2022<\/p>\n<p>Neuer Kurs ab Dienstag, den 01.03.2022, Termine von 20:00 bis 21:30 Uhr!<\/p>\n<p>Thema: MUSIKALISCHE VARIATIONEN &amp; TECHNIK<\/p>\n<p>In diesem Zyklus schauen wir auf bereits bekannte Bewegungsabl\u00e4ufe und deren musikabh\u00e4ngige Ausf\u00fchrung.<\/p>\n<p>Mit gezielten Korrekturen werden sie verbessert und versch\u00f6nert.<\/p>\n<p>Dank einiger Variationen k\u00f6nnen Figuren an die Situation auf der Milonga-Tanzfl\u00e4che, oder das Niveau des T\u00e4nzers\/der T\u00e4nzerin angepasst werden.<\/p>\n<p>Wir erarbeiten gemeinsam die M\u00f6glichkeiten dazu!<\/p>\n<p>Der Kurs steht allen T\u00e4nzern und T\u00e4nzerinnen offen.<\/p>\n<p>Dauer: \u00a0\u00a0\u00a0\u00a0\u00a0\u00a0\u00a0 \u00a0 jeweils 1,5 Stunden<\/p>\n<p>Uhrzeit:\u00a0\u00a0\u00a0\u00a0\u00a0\u00a0\u00a0 20:00 bis 21:30 Uhr<\/p>\n<p>Ort: \u00a0 \u00a0 \u00a0 \u00a0 \u00a0 \u00a0 \u00a0 \u00a0 <script type=\"text\/javascript\"> jQuery(document).ready(function() { jQuery(\"[google-map-fb-popup3]\").fancybox({ iframe : { css : { width : '60%', height : '60%', } } }); }); <\/script> <p><a google-map-fb-popup3 data-type=\"iframe\" data-src=\"http:\/\/maps.google.com\/?output=embed&amp;f=q&amp;q=Paulusstra\u00dfe 1, Stuttgart, Germany&amp;ll=48.77254,9.153549999999996&amp;layer=t&amp;hq=Gemeindesaal St. Paulus&amp;t=m&amp;z=15&amp;\" title=\"Gemeindesaal St. Paulus. Vom S-Bahnhof Schwabstrasse 800 Meter. Parkhaus Schwabstra\u00dfe (PENNY MARKT). U2, U9 (Schwab- \/ Bebelstrasse) oder mit dem Bus 42 (Bismarkplatz).\" href=\"javascript:;\">Gemeindesaal St. Paulus<\/a><\/p>\u00a0\u00a0 diese Termine finden im Wittenbergzimmer statt<\/p>\n<p>Preis: \u00a0\u00a0 \u20ac 20,00.- pro Person und Termin<\/p>\n<p>10 &#8211; er Karte f\u00fcr \u20ac 180,&#8211; (\u00fcbertragbar, und 3 Monate f\u00fcr die Teilnahme an den w\u00f6chentlichen Kurseinheiten g\u00fcltig)<\/p>\n<p><a class=\"button radius\" href=\"mailto:tanz@ks-tango.com\">Anmeldung<\/a><\/p>\n<hr \/>\n<p>&nbsp;<\/p>\n<p>&nbsp;<\/p>\n","protected":false},"excerpt":{"rendered":"<p>Pause bis zum 28.02.2022 Neuer Kurs ab Dienstag, den 01.03.2022, Termine von 20:00 bis 21:30 Uhr! Thema: MUSIKALISCHE VARIATIONEN &amp; TECHNIK In diesem Zyklus schauen wir auf bereits bekannte Bewegungsabl\u00e4ufe und deren musikabh\u00e4ngige Ausf\u00fchrung. Mit gezielten Korrekturen werden sie verbessert und versch\u00f6nert. Dank einiger Variationen k\u00f6nnen Figuren an die Situation auf der Milonga-Tanzfl\u00e4che, oder das [&hellip;]<\/p>\n","protected":false},"author":1,"featured_media":0,"parent":112,"menu_order":0,"comment_status":"closed","ping_status":"closed","template":"template-full.php","meta":[],"jetpack_sharing_enabled":false,"jetpack_shortlink":"https:\/\/wp.me\/P7e1Pp-1S","_links":{"self":[{"href":"https:\/\/www.ks-tango.com\/index.php?rest_route=\/wp\/v2\/pages\/116"}],"collection":[{"href":"https:\/\/www.ks-tango.com\/index.php?rest_route=\/wp\/v2\/pages"}],"about":[{"href":"https:\/\/www.ks-tango.com\/index.php?rest_route=\/wp\/v2\/types\/page"}],"author":[{"embeddable":true,"href":"https:\/\/www.ks-tango.com\/index.php?rest_route=\/wp\/v2\/users\/1"}],"replies":[{"embeddable":true,"href":"https:\/\/www.ks-tango.com\/index.php?rest_route=%2Fwp%2Fv2%2Fcomments&post=116"}],"version-history":[{"count":119,"href":"https:\/\/www.ks-tango.com\/index.php?rest_route=\/wp\/v2\/pages\/116\/revisions"}],"predecessor-version":[{"id":2446,"href":"https:\/\/www.ks-tango.com\/index.php?rest_route=\/wp\/v2\/pages\/116\/revisions\/2446"}],"up":[{"embeddable":true,"href":"https:\/\/www.ks-tango.com\/index.php?rest_route=\/wp\/v2\/pages\/112"}],"wp:attachment":[{"href":"https:\/\/www.ks-tango.com\/index.php?rest_route=%2Fwp%2Fv2%2Fmedia&parent=116"}],"curies":[{"name":"wp","href":"https:\/\/api.w.org\/{rel}","templated":true}]}}