{"id":142,"date":"2016-01-26T08:23:15","date_gmt":"2016-01-26T08:23:15","guid":{"rendered":"http:\/\/kstango:8888\/?page_id=142"},"modified":"2021-03-06T07:54:34","modified_gmt":"2021-03-06T07:54:34","slug":"workshops","status":"publish","type":"page","link":"https:\/\/www.ks-tango.com\/?page_id=142","title":{"rendered":"Workshops"},"content":{"rendered":"<p>PAUSE bis 31.08.2021<\/p>\n<p>Termin:\u00a0\u00a0\u00a0\u00a0\u00a0\u00a0 In der Regel jeden Dienstag von 20:00 Uhr bis 21:30 Uhr<\/p>\n<p>Thema:\u00a0\u00a0\u00a0\u00a0\u00a0\u00a0\u00a0 MUSIKALIISCHE VARIATIONEN &amp; TECHNIK<\/p>\n<p>Dauer:\u00a0\u00a0\u00a0\u00a0\u00a0\u00a0\u00a0\u00a0\u00a0 1,5 Stunden<\/p>\n<p>Preis: \u00a0 \u00a0 \u00a0 \u00a0 \u00a0\u00a0 \u20ac 20,&#8211;pro Person<\/p>\n<p>Ort:\u00a0\u00a0\u00a0\u00a0\u00a0\u00a0\u00a0\u00a0\u00a0\u00a0\u00a0\u00a0\u00a0\u00a0 ev. Paulusgemeinde, Stuttgart &#8211; West<\/p>\n<p>Inhalt:<\/p>\n<p>Die Teilnahme an den w\u00f6chentlichen Einheiten sind bestens geeignet, um sie in Form eines Workshops mitzumachen.<\/p>\n<p>Sie sind thematisch jeweils in sich geschlossen.<\/p>\n<p>Wir schauen auf bereits bekannte Bewegungsabl\u00e4ufe und deren musikabh\u00e4ngige Ausf\u00fchrung.<\/p>\n<p>Mit gezielten Korrekturen werden sie verbessert und versch\u00f6nert.<\/p>\n<p>Dank einiger Variationen k\u00f6nnen Figuren an die Situation auf der Milonga-Tanzfl\u00e4che, oder das Niveau des T\u00e4nzers\/der T\u00e4nzerin angepasst werden.<\/p>\n<p>Wir erarbeiten gemeinsam die M\u00f6glichkeiten dazu!<\/p>\n<p>Die Kurseihnheiten\/Workshops steht allen T\u00e4nzern und T\u00e4nzerinnen offen.<\/p>\n<p>Ort: \u00a0 \u00a0 \u00a0 \u00a0 \u00a0 \u00a0 \u00a0 \u00a0 <a class=\"google-map-fb-popup3 iframe\" title=\"Gemeindesaal St. Paulus. Vom S-Bahnhof Schwabstrasse 800 Meter. Parkhaus Schwabstra\u00dfe (PENNY MARKT). U2, U9 (Schwab- \/ Bebelstrasse) oder mit dem Bus 42 (Bismarkplatz).\" href=\"http:\/\/maps.google.com\/?output=embed&amp;f=q&amp;q=Paulusstra\u00dfe 1, Stuttgart, Germany&amp;ll=48.77254,9.153549999999996&amp;layer=t&amp;hq=Gemeindesaal St. Paulus&amp;t=m&amp;z=15&amp;\">Gemeindesaal St. Paulus<\/a>\u00a0\u00a0 diese Termine finden im Wittenbergzimmer statt<\/p>\n<p>Preis: \u00a0\u00a0 \u20ac 20,00.- pro Person und Termin<\/p>\n<p>10 \u2013 er Karte f\u00fcr \u20ac 180,\u2013 (\u00fcbertragbar, und 3 Monate f\u00fcr die Teilnahme an den w\u00f6chentlichen Kurseinheiten g\u00fcltig)<\/p>\n<p><a class=\"button radius\" href=\"mailto:tanz@ks-tango.com\">Anmeldung<\/a><\/p>\n<p>&nbsp;<\/p>\n<hr \/>\n<p>&nbsp;<\/p>\n","protected":false},"excerpt":{"rendered":"<p>PAUSE bis 31.08.2021 Termin:\u00a0\u00a0\u00a0\u00a0\u00a0\u00a0 In der Regel jeden Dienstag von 20:00 Uhr bis 21:30 Uhr Thema:\u00a0\u00a0\u00a0\u00a0\u00a0\u00a0\u00a0 MUSIKALIISCHE VARIATIONEN &amp; TECHNIK Dauer:\u00a0\u00a0\u00a0\u00a0\u00a0\u00a0\u00a0\u00a0\u00a0 1,5 Stunden Preis: \u00a0 \u00a0 \u00a0 \u00a0 \u00a0\u00a0 \u20ac 20,&#8211;pro Person Ort:\u00a0\u00a0\u00a0\u00a0\u00a0\u00a0\u00a0\u00a0\u00a0\u00a0\u00a0\u00a0\u00a0\u00a0 ev. Paulusgemeinde, Stuttgart &#8211; West Inhalt: Die Teilnahme an den w\u00f6chentlichen Einheiten sind bestens geeignet, um sie in Form eines Workshops mitzumachen. [&hellip;]<\/p>\n","protected":false},"author":1,"featured_media":101,"parent":112,"menu_order":0,"comment_status":"closed","ping_status":"closed","template":"template-full.php","meta":[],"jetpack_sharing_enabled":false,"jetpack_shortlink":"https:\/\/wp.me\/P7e1Pp-2i","_links":{"self":[{"href":"https:\/\/www.ks-tango.com\/index.php?rest_route=\/wp\/v2\/pages\/142"}],"collection":[{"href":"https:\/\/www.ks-tango.com\/index.php?rest_route=\/wp\/v2\/pages"}],"about":[{"href":"https:\/\/www.ks-tango.com\/index.php?rest_route=\/wp\/v2\/types\/page"}],"author":[{"embeddable":true,"href":"https:\/\/www.ks-tango.com\/index.php?rest_route=\/wp\/v2\/users\/1"}],"replies":[{"embeddable":true,"href":"https:\/\/www.ks-tango.com\/index.php?rest_route=%2Fwp%2Fv2%2Fcomments&post=142"}],"version-history":[{"count":63,"href":"https:\/\/www.ks-tango.com\/index.php?rest_route=\/wp\/v2\/pages\/142\/revisions"}],"predecessor-version":[{"id":1784,"href":"https:\/\/www.ks-tango.com\/index.php?rest_route=\/wp\/v2\/pages\/142\/revisions\/1784"}],"up":[{"embeddable":true,"href":"https:\/\/www.ks-tango.com\/index.php?rest_route=\/wp\/v2\/pages\/112"}],"wp:featuredmedia":[{"embeddable":true,"href":"https:\/\/www.ks-tango.com\/index.php?rest_route=\/wp\/v2\/media\/101"}],"wp:attachment":[{"href":"https:\/\/www.ks-tango.com\/index.php?rest_route=%2Fwp%2Fv2%2Fmedia&parent=142"}],"curies":[{"name":"wp","href":"https:\/\/api.w.org\/{rel}","templated":true}]}}