{"id":147,"date":"2016-01-26T08:27:33","date_gmt":"2016-01-26T08:27:33","guid":{"rendered":"http:\/\/kstango:8888\/?page_id=147"},"modified":"2017-01-07T18:59:50","modified_gmt":"2017-01-07T18:59:50","slug":"uber-uns","status":"publish","type":"page","link":"https:\/\/www.ks-tango.com\/?page_id=147","title":{"rendered":"\u00dcber uns"},"content":{"rendered":"<p><strong><img loading=\"lazy\" class=\"wp-image-485 size-medium alignleft\" src=\"http:\/\/tango-argentino-unterricht.de\/wp-content\/uploads\/2016\/01\/mini-konstantin-227x300.jpg\" alt=\"\" width=\"227\" height=\"300\" srcset=\"https:\/\/ks-tango.com\/wp-content\/uploads\/2016\/01\/mini-konstantin-227x300.jpg 227w, https:\/\/ks-tango.com\/wp-content\/uploads\/2016\/01\/mini-konstantin.jpg 774w\" sizes=\"(max-width: 227px) 100vw, 227px\" \/>Konstantin<\/strong><\/p>\n<p>Als Kind sah ich im Film zum ersten Mal ein Tanzpaar, welches Tango Argentino tanzte. Davon war ich so begeistert, dass ich dies auch k\u00f6nnen wollte. Das Feuer des Tango Argentino war entfacht. Im Jahr 2000 f\u00fchrten mich die ersten Tangokurse zu derselben Erkenntnis, wie sie zahlreiche T\u00e4nzer vor mir auch gemacht haben: Wen der Tango Argentino gepackt hat, der kommt nicht mehr von ihm los. Die ersten Tangolektionen nahm ich bei bei Heidi Schr\u00f6fel in Heilbonn. Es folgte eine intensive Unterrichts- und Assistenz-Zeit bei Ute Fr\u00fchwirths Tango Vorstadt in Stuttgart, die dazu gef\u00fchrt hat, dass ich die Tanzlehrerausbildung bei Dietrich Juan Lange in Berlin gemacht, und mit dem eigenst\u00e4ndigen Unterrichten begonnen habe.<\/p>\n<p>Seither habe ich mich haupts\u00e4chlich diesem faszinierenden Tanz und seiner Musik gewidmet, mich in seine Geschichte eingearbeitet, und meinen Beitrag zum Erhalt dieses Weltkulturerbes geleistet. Den Tango Argentino in seiner Gesamtheit vermitteln zu wollen, meine t\u00e4nzerische Entwicklung immer weiter voranzutreiben, und der Wunsch, der Musik mit meinem Tanz gerecht zu werden, sind die Basis meiner Begeisterung. Das Grundprinzip &#8222;weniger ist mehr&#8220; gepaart mit der Liebe zur Musik und zum Detail pr\u00e4gt meinen Unterricht, und \u00f6ffnet ihn f\u00fcr jeden, der es lernen will.<\/p>\n<p>Mit Begeisterung habe ich alle Impulse und Ideen aufgenommen, die mir zahlreiche international bekannte T\u00e4nzer und T\u00e4nzerinnen des Tango Argentino mitgegeben haben. Einen besonderen Platz nehmen die von Sebastian Miss\u00e9 ein.<\/p>\n<p><strong>\u00a0<\/strong><\/p>\n<p><strong><img loading=\"lazy\" class=\"wp-image-487 size-medium alignleft\" src=\"http:\/\/tango-argentino-unterricht.de\/wp-content\/uploads\/2016\/01\/mini-sabine-227x300.jpg\" alt=\"\" width=\"227\" height=\"300\" srcset=\"https:\/\/ks-tango.com\/wp-content\/uploads\/2016\/01\/mini-sabine-227x300.jpg 227w, https:\/\/ks-tango.com\/wp-content\/uploads\/2016\/01\/mini-sabine.jpg 774w\" sizes=\"(max-width: 227px) 100vw, 227px\" \/>Sabine <\/strong><\/p>\n<p style=\"text-align: left;\">Im Fr\u00fchjahr 1997 habe ich dank einer Freundin den Tango Argentino entdeckt, und bin dabei meinem ersten Lehrer, Ernesto Carmona begegnet, der mich f\u00fcr diesen au\u00dfergew\u00f6hnlichen Tanz begeistert hat. Bis heute leitet mich ein Grundgedanke hinsichtlich der Vermittlung des Tango Argentino, der bereits in diesen ersten Unterrichtseinheiten geboren wurde: Es geht um mehr als einen Paartanz.<\/p>\n<p style=\"text-align: left;\">Es sind Etikette, Geschichte, Kommunikation, und die fantastische Musik, die ich weitergeben m\u00f6chte. Dazu kommt die besondere Verbindung die zwischen T\u00e4nzer und T\u00e4nzerin entstehen kann. Sie macht jede Arbeit an sich selbst, und im Tanzpaar lohnenswert. Es gibt immer wieder etwas Neues, was gelernt werden kann.<\/p>\n<p style=\"text-align: left;\">Ganz wundervolle T\u00e4nzer und T\u00e4nzerinnen haben meine Entwicklung unterst\u00fctzt und beeinflusst wie Stefano Fava, Alexandra Wood, Sebastian Miss\u00e9, Nelson Pinto, Isabel Costa, Olga Besio, Miguel Angel Zotto und Daiana Guspero. Ich denke an sie, und an alle anderen immer wieder mit Freude und Dankbarkeit.<\/p>\n<p>&nbsp;<\/p>\n<p>&nbsp;<\/p>\n<p><strong><img loading=\"lazy\" class=\"wp-image-486 size-medium alignleft\" src=\"http:\/\/tango-argentino-unterricht.de\/wp-content\/uploads\/2016\/01\/mini-konstantin_sabine-227x300.jpg\" alt=\"\" width=\"227\" height=\"300\" srcset=\"https:\/\/ks-tango.com\/wp-content\/uploads\/2016\/01\/mini-konstantin_sabine-227x300.jpg 227w, https:\/\/ks-tango.com\/wp-content\/uploads\/2016\/01\/mini-konstantin_sabine.jpg 774w\" sizes=\"(max-width: 227px) 100vw, 227px\" \/>Konstantin &amp; Sabine<\/strong><\/p>\n<p>Wir haben uns 2004 auf einer Milonga in Stuttgart kennengelernt, und kurze Zeit sp\u00e4ter begonnen, regelm\u00e4\u00dfig miteinander zu tanzen. Der erste gemeinsame Auftritt erfolgte sehr schnell: in der Silvesternacht des gleichen Jahres. Das gemeinsame Training f\u00fcr diesen Auftritt hat uns die Entscheidung auch gemeinsam zu unterrichten, sehr leicht gemacht.<\/p>\n<p>Seit 2005 nehmen wir zahlreichen Sch\u00fcler in die Welt des Tango Argentino mit, und begeistern sie f\u00fcr diesen Tanz. In den Jahren 2010, 2011 und 2012 haben wir an den Europ\u00e4ischen Meisterschaften f\u00fcr Tango Argentino in Italien teilgenommen. Zweimal haben wir das Halbfinale erreicht, und in den Workshops mit den international bekannten Paaren viel an uns gearbeitet. Im Jahr 2011 haben wir die europ\u00e4ische Meisterschaft f\u00fcr Tango Argentino, ausgetragen in Gernsbach, gewonnen.<\/p>\n<p>Dank intensiver Unterrichtseinheiten bei einigen der besten Tango Argentino T\u00e4nzer und T\u00e4nzerinnen der Welt in den vergangenen 12 Jahren haben wir uns st\u00e4ndig weiterentwickelt, und dabei auch unseren Tanz- und Unterrichtsstil gefunden.<\/p>\n<p>&nbsp;<\/p>\n<p>Mit Aspekten der Physiotherapie und der Alexandertechnik haben wir den gesundheitlichen Ansatz in unserer<img loading=\"lazy\" class=\"size-medium wp-image-101 alignright\" src=\"http:\/\/tango-argentino-unterricht.de\/wp-content\/uploads\/2014\/11\/Tango-Argentino-Konstantin-Sabine-300x244.jpg\" alt=\"Tango Argentino Konstantin &amp; Sabine\" width=\"300\" height=\"244\" srcset=\"https:\/\/ks-tango.com\/wp-content\/uploads\/2014\/11\/Tango-Argentino-Konstantin-Sabine-300x244.jpg 300w, https:\/\/ks-tango.com\/wp-content\/uploads\/2014\/11\/Tango-Argentino-Konstantin-Sabine.jpg 709w\" sizes=\"(max-width: 300px) 100vw, 300px\" \/><br \/>\nTrainingsmethode erarbeitet, der es jedem, egal welchen Alters erm\u00f6glichen soll, den Tango Argentino zu erlernen.<\/p>\n<p>Seit 2012 unterrichten wir regelm\u00e4\u00dfig an der Dualen Hochschule Baden-W\u00fcrttemberg und geben dort die kommunikativen und therapeutischen Ans\u00e4tze, die der Tango Argentino mit sich bringt, weiter.<\/p>\n<p>Unser Unterrichtsgrundsatz, den Tango Argentino in seiner Gesamtheit zu unterrichten, beinhaltet die musikalische Bildung, Basis- und komplexe Figuren, Bewegungstechnik und Spa\u00df an Perfektion. Alles zusammen f\u00fchrt zu einem ganz besonderen Gef\u00fchl der Einheit zwischen K\u00f6rper und Geist, der Musik und dem Partner bzw der Partnerin.<\/p>\n","protected":false},"excerpt":{"rendered":"<p>Konstantin Als Kind sah ich im Film zum ersten Mal ein Tanzpaar, welches Tango Argentino tanzte. Davon war ich so begeistert, dass ich dies auch k\u00f6nnen wollte. Das Feuer des Tango Argentino war entfacht. Im Jahr 2000 f\u00fchrten mich die ersten Tangokurse zu derselben Erkenntnis, wie sie zahlreiche T\u00e4nzer vor mir auch gemacht haben: Wen [&hellip;]<\/p>\n","protected":false},"author":1,"featured_media":0,"parent":0,"menu_order":0,"comment_status":"closed","ping_status":"closed","template":"template-full.php","meta":[],"jetpack_sharing_enabled":false,"jetpack_shortlink":"https:\/\/wp.me\/P7e1Pp-2n","_links":{"self":[{"href":"https:\/\/www.ks-tango.com\/index.php?rest_route=\/wp\/v2\/pages\/147"}],"collection":[{"href":"https:\/\/www.ks-tango.com\/index.php?rest_route=\/wp\/v2\/pages"}],"about":[{"href":"https:\/\/www.ks-tango.com\/index.php?rest_route=\/wp\/v2\/types\/page"}],"author":[{"embeddable":true,"href":"https:\/\/www.ks-tango.com\/index.php?rest_route=\/wp\/v2\/users\/1"}],"replies":[{"embeddable":true,"href":"https:\/\/www.ks-tango.com\/index.php?rest_route=%2Fwp%2Fv2%2Fcomments&post=147"}],"version-history":[{"count":12,"href":"https:\/\/www.ks-tango.com\/index.php?rest_route=\/wp\/v2\/pages\/147\/revisions"}],"predecessor-version":[{"id":555,"href":"https:\/\/www.ks-tango.com\/index.php?rest_route=\/wp\/v2\/pages\/147\/revisions\/555"}],"wp:attachment":[{"href":"https:\/\/www.ks-tango.com\/index.php?rest_route=%2Fwp%2Fv2%2Fmedia&parent=147"}],"curies":[{"name":"wp","href":"https:\/\/api.w.org\/{rel}","templated":true}]}}