{"id":77,"date":"2014-11-12T20:48:53","date_gmt":"2014-11-12T20:48:53","guid":{"rendered":"http:\/\/demo.rescuethemes.com\/gateway\/?page_id=45"},"modified":"2016-02-11T20:30:45","modified_gmt":"2016-02-11T20:30:45","slug":"tango-argentino","status":"publish","type":"page","link":"https:\/\/www.ks-tango.com\/?page_id=77","title":{"rendered":"Tango Argentino"},"content":{"rendered":"<p style=\"text-align: left;\"><img loading=\"lazy\" class=\"alignleft wp-image-101 \" src=\"http:\/\/tango-argentino-unterricht.de\/wp-content\/uploads\/2014\/11\/Tango-Argentino-Konstantin-Sabine.jpg\" alt=\"Tango Argentino Konstantin &amp; Sabine\" width=\"400\" height=\"325\" srcset=\"https:\/\/ks-tango.com\/wp-content\/uploads\/2014\/11\/Tango-Argentino-Konstantin-Sabine.jpg 709w, https:\/\/ks-tango.com\/wp-content\/uploads\/2014\/11\/Tango-Argentino-Konstantin-Sabine-300x244.jpg 300w\" sizes=\"(max-width: 400px) 100vw, 400px\" \/><\/p>\n<p style=\"text-align: left;\">\u00a0Die Geschichte des Tango Argentino beginnt am R\u00edo de la Plata. In den Gro\u00dfr\u00e4umen Buenos Aires und Montevideo trafen am Ende des 19. Jahrhunderts die verschiedensten V\u00f6lker und Kulturen aufeinander.<\/p>\n<p>Die musikalischen Elemente, die zur Entstehung des Tango Argentino beigetragen haben, sind vielf\u00e4ltig. Ein \u201eUrtango\u201c ist nicht \u00fcberliefert und so <em>\u201e\u2026 suchte man den Mangel durch Hypothesen anhand einiger Indizien oder anderer Hypothesen wettzumachen.\u201c<\/em><\/p>\n<p>Zwar ist das afroamerikanische Element in Rhythmus und Choreografie des Tangos kaum noch zu erkennen, doch war der Candombe der Kreolen und Schwarzen ein wichtiger Einfluss. Urspr\u00fcnglich war der Candombe eine kultische Tanzpantomime, in der liturgische Elemente afrikanischer Religionen und katholischer Heiligenverehrung verschmolzen. Nachdem der Kultgehalt immer mehr verschwunden war, trat sie ab 1870 zwischen Weihnachten und dem Dreik\u00f6nigstag oder als Karnevalsumzug in Erscheinung. Da es w\u00e4hrend der Stra\u00dfenfeste der Schwarzen angeblich zu blutigen Schl\u00e4gereien kam, wurden sie jedoch bald von der Obrigkeit verboten. Dem Verbot begegneten die T\u00e4nzer durch die Gr\u00fcndung von Tanzhallen. Auch wenn sich die T\u00e4nze noch stark vom Tango in seiner sp\u00e4teren Form unterschieden, entstand in solchen \u00d6rtlichkeiten der Tango Argentino.<\/p>\n<p>Ein ebenfalls wichtiger Einfluss ist die Habanera, die gelegentlich auch <em>Tango Americano<\/em> genannt wird. Ihre Entstehung wird um 1825 auf Kuba angesetzt und ab 1850 hatte sie in Spanien gro\u00dfe Popularit\u00e4t erreicht. Ein noch heute popul\u00e4res Beispiel f\u00fcr eine Habanera ist die gleichnamige Arie in der Oper Carmen von Georges Bizet. Sie erreichte den R\u00edo de la Plata auf dem Wege \u00fcber Paris, denn die bessere Gesellschaft imitierte alles, was in Frankreich gefiel.<\/p>\n<p>Ein weiterer, nicht ganz so offensichtlicher Beitrag (ab den 1870er Jahren) stammt von der Maxixe, dem sogenannten brasilianischen Tango, der im Wesentlichen die gleichen Urspr\u00fcnge hat wie der argentinische. Sie gilt als der erste st\u00e4dtische Modetanz Brasiliens.<\/p>\n<p>Aus diesem Sammelsurium st\u00e4dtischer Musik und T\u00e4nze, vermischt mit den l\u00e4ndlichen <em>Payadas<\/em> der Gauchos, entstand die st\u00e4dtische <em>Milonga<\/em>. Etwa um 1880 begann man in Buenos Aires und Montevideo zu dieser Musik zu tanzen. Sp\u00e4ter verlangsamten sich die leichten, fr\u00f6hlichen Lieder der Milonga zum ernsteren Tango. Vicente Rossi hat den Tango als eine Milonga mit <em>\u201ecortes y quebradas\u201c<\/em> (\u201emit <em>Schnitten und Br\u00fcchen\u201c<\/em>) gesehen, d.\u00a0h. mit Pausen und Posen \u2013 ohne den kontinuierlichen Fluss der Milonga.<\/p>\n<p>Fl\u00f6te, Violine und Gitarre waren zun\u00e4chst die Standardinstrumente der durch Kneipen, Tanzs\u00e4le und Stra\u00dfen ziehenden Musiker. Sp\u00e4ter setzten sich Klavier und Bandone\u00f3n als typische Tangoinstrumente durch. In den Hafenvierteln, den Barrios (Stadtteilen) und den <em>Arrabales<\/em> (Vorstadt-Gebieten), in einem Milieu von Arbeitslosigkeit, Kleinkriminalit\u00e4t und Prostitution, wurde der Tango zum Ausdruck existentieller Not und menschlicher Einsamkeit des <em>Porte\u00f1o<\/em> (span.: Hafenstadtbewohner \u2013 so bezeichnen sich die Einwohner von Buenos Aires selbst).<\/p>\n<p>Die erste ver\u00f6ffentlichte Partitur, die als <em>Tango f\u00fcr Klavier<\/em> bezeichnet wurde, tr\u00e4gt den Titel <em>\u201eEl Entreriano\u201c<\/em> und stammt aus der Feder des Mulatten Anselmo Rosendo Mendiz\u00e1bal.<\/p>\n","protected":false},"excerpt":{"rendered":"<p>\u00a0Die Geschichte des Tango Argentino beginnt am R\u00edo de la Plata. In den Gro\u00dfr\u00e4umen Buenos Aires und Montevideo trafen am Ende des 19. Jahrhunderts die verschiedensten V\u00f6lker und Kulturen aufeinander. Die musikalischen Elemente, die zur Entstehung des Tango Argentino beigetragen haben, sind vielf\u00e4ltig. Ein \u201eUrtango\u201c ist nicht \u00fcberliefert und so \u201e\u2026 suchte man den Mangel [&hellip;]<\/p>\n","protected":false},"author":3,"featured_media":0,"parent":0,"menu_order":0,"comment_status":"closed","ping_status":"closed","template":"template-full.php","meta":[],"jetpack_sharing_enabled":false,"jetpack_shortlink":"https:\/\/wp.me\/P7e1Pp-1f","_links":{"self":[{"href":"https:\/\/www.ks-tango.com\/index.php?rest_route=\/wp\/v2\/pages\/77"}],"collection":[{"href":"https:\/\/www.ks-tango.com\/index.php?rest_route=\/wp\/v2\/pages"}],"about":[{"href":"https:\/\/www.ks-tango.com\/index.php?rest_route=\/wp\/v2\/types\/page"}],"author":[{"embeddable":true,"href":"https:\/\/www.ks-tango.com\/index.php?rest_route=\/wp\/v2\/users\/3"}],"replies":[{"embeddable":true,"href":"https:\/\/www.ks-tango.com\/index.php?rest_route=%2Fwp%2Fv2%2Fcomments&post=77"}],"version-history":[{"count":13,"href":"https:\/\/www.ks-tango.com\/index.php?rest_route=\/wp\/v2\/pages\/77\/revisions"}],"predecessor-version":[{"id":446,"href":"https:\/\/www.ks-tango.com\/index.php?rest_route=\/wp\/v2\/pages\/77\/revisions\/446"}],"wp:attachment":[{"href":"https:\/\/www.ks-tango.com\/index.php?rest_route=%2Fwp%2Fv2%2Fmedia&parent=77"}],"curies":[{"name":"wp","href":"https:\/\/api.w.org\/{rel}","templated":true}]}}